{"id":3023,"date":"2025-05-28T10:26:23","date_gmt":"2025-05-28T08:26:23","guid":{"rendered":"https:\/\/ahschootenplaza.nl\/adres-openingstijden\/"},"modified":"2026-04-07T09:28:57","modified_gmt":"2026-04-07T07:28:57","slug":"adresse-oeffnungszeiten","status":"publish","type":"page","link":"https:\/\/ahschootenplaza.nl\/de\/adresse-oeffnungszeiten\/","title":{"rendered":"Adresse &#038; \u00d6ffnungszeiten"},"content":{"rendered":"","protected":false},"excerpt":{"rendered":"","protected":false},"author":2,"featured_media":0,"parent":0,"menu_order":14,"comment_status":"closed","ping_status":"closed","template":"contact-data.php","meta":{"_acf_changed":false,"footnotes":""},"class_list":["post-3023","page","type-page","status-publish","hentry"],"acf":[],"yoast_head":"<!-- This site is optimized with the Yoast SEO plugin v27.0 - https:\/\/yoast.com\/product\/yoast-seo-wordpress\/ -->\n<title>Adresse &amp; \u00d6ffnungszeiten &#183; AH SchootenPlaza Den Helder<\/title>\n<meta name=\"description\" content=\"Sehen Sie Adresse, \u00d6ffnungszeiten und Informationen zu Parkpl\u00e4tzen oder \u00f6ffentlichen Verkehrsmitteln beim AH SchootenPlaza ein.\" \/>\n<meta name=\"robots\" content=\"index, follow, max-snippet:-1, max-image-preview:large, max-video-preview:-1\" \/>\n<link rel=\"canonical\" href=\"https:\/\/ahschootenplaza.nl\/de\/adresse-oeffnungszeiten\/\" \/>\n<meta property=\"og:locale\" content=\"de_DE\" \/>\n<meta property=\"og:type\" content=\"article\" \/>\n<meta property=\"og:title\" content=\"Adresse &amp; \u00d6ffnungszeiten &#183; AH SchootenPlaza Den Helder\" \/>\n<meta property=\"og:description\" content=\"Sehen Sie Adresse, \u00d6ffnungszeiten und Informationen zu Parkpl\u00e4tzen oder \u00f6ffentlichen Verkehrsmitteln beim AH SchootenPlaza ein.\" \/>\n<meta property=\"og:url\" content=\"https:\/\/ahschootenplaza.nl\/de\/adresse-oeffnungszeiten\/\" \/>\n<meta property=\"og:site_name\" content=\"AH SchootenPlaza Den Helder\" \/>\n<meta property=\"article:publisher\" content=\"https:\/\/www.facebook.com\/ahschootenplaza\/\" \/>\n<meta property=\"article:modified_time\" content=\"2026-04-07T07:28:57+00:00\" \/>\n<meta property=\"og:image\" content=\"https:\/\/ahschootenplaza.nl\/wp-content\/uploads\/2025\/06\/social-1x1-1.jpg\" \/>\n\t<meta property=\"og:image:width\" content=\"696\" \/>\n\t<meta property=\"og:image:height\" content=\"696\" \/>\n\t<meta property=\"og:image:type\" content=\"image\/jpeg\" \/>\n<meta name=\"twitter:card\" content=\"summary_large_image\" \/>\n<meta name=\"twitter:label1\" content=\"Gesch\u00e4tzte Lesezeit\" \/>\n\t<meta name=\"twitter:data1\" content=\"1\u00a0Minute\" \/>\n<script type=\"application\/ld+json\" class=\"yoast-schema-graph\">{\"@context\":\"https:\/\/schema.org\",\"@graph\":[{\"@type\":\"WebPage\",\"@id\":\"https:\/\/ahschootenplaza.nl\/de\/adresse-oeffnungszeiten\/\",\"url\":\"https:\/\/ahschootenplaza.nl\/de\/adresse-oeffnungszeiten\/\",\"name\":\"Adresse & \u00d6ffnungszeiten &#183; AH SchootenPlaza Den Helder\",\"isPartOf\":{\"@id\":\"https:\/\/ahschootenplaza.nl\/de\/#website\"},\"datePublished\":\"2025-05-28T08:26:23+00:00\",\"dateModified\":\"2026-04-07T07:28:57+00:00\",\"description\":\"Sehen Sie Adresse, \u00d6ffnungszeiten und Informationen zu Parkpl\u00e4tzen oder \u00f6ffentlichen Verkehrsmitteln beim AH SchootenPlaza ein.\",\"breadcrumb\":{\"@id\":\"https:\/\/ahschootenplaza.nl\/de\/adresse-oeffnungszeiten\/#breadcrumb\"},\"inLanguage\":\"de\",\"potentialAction\":[{\"@type\":\"ReadAction\",\"target\":[\"https:\/\/ahschootenplaza.nl\/de\/adresse-oeffnungszeiten\/\"]}]},{\"@type\":\"BreadcrumbList\",\"@id\":\"https:\/\/ahschootenplaza.nl\/de\/adresse-oeffnungszeiten\/#breadcrumb\",\"itemListElement\":[{\"@type\":\"ListItem\",\"position\":1,\"name\":\"AH SchootenPlaza\",\"item\":\"https:\/\/ahschootenplaza.nl\/de\/\"},{\"@type\":\"ListItem\",\"position\":2,\"name\":\"Adresse &#038; \u00d6ffnungszeiten\"}]},{\"@type\":\"WebSite\",\"@id\":\"https:\/\/ahschootenplaza.nl\/de\/#website\",\"url\":\"https:\/\/ahschootenplaza.nl\/de\/\",\"name\":\"Albert Heijn SchootenPlaza Den Helder\",\"description\":\"Vertraut mit dem gewissen Extra.\",\"publisher\":{\"@id\":\"https:\/\/ahschootenplaza.nl\/de\/#organization\"},\"alternateName\":\"AH SchootenPlaza\",\"potentialAction\":[{\"@type\":\"SearchAction\",\"target\":{\"@type\":\"EntryPoint\",\"urlTemplate\":\"https:\/\/ahschootenplaza.nl\/de\/?s={search_term_string}\"},\"query-input\":{\"@type\":\"PropertyValueSpecification\",\"valueRequired\":true,\"valueName\":\"search_term_string\"}}],\"inLanguage\":\"de\"},{\"@type\":\"Organization\",\"@id\":\"https:\/\/ahschootenplaza.nl\/de\/#organization\",\"name\":\"AH SchootenPlaza Den Helder\",\"alternateName\":\"AH SchootenPlaza\",\"url\":\"https:\/\/ahschootenplaza.nl\/de\/\",\"logo\":{\"@type\":\"ImageObject\",\"inLanguage\":\"de\",\"@id\":\"https:\/\/ahschootenplaza.nl\/de\/#\/schema\/logo\/image\/\",\"url\":\"https:\/\/ahschootenplaza.nl\/wp-content\/uploads\/2025\/06\/social-1x1-1.jpg\",\"contentUrl\":\"https:\/\/ahschootenplaza.nl\/wp-content\/uploads\/2025\/06\/social-1x1-1.jpg\",\"width\":696,\"height\":696,\"caption\":\"AH SchootenPlaza Den Helder\"},\"image\":{\"@id\":\"https:\/\/ahschootenplaza.nl\/de\/#\/schema\/logo\/image\/\"},\"sameAs\":[\"https:\/\/www.facebook.com\/ahschootenplaza\/\"]}]}<\/script>\n<!-- \/ Yoast SEO plugin. -->","yoast_head_json":{"title":"Adresse & \u00d6ffnungszeiten &#183; AH SchootenPlaza Den Helder","description":"Sehen Sie Adresse, \u00d6ffnungszeiten und Informationen zu Parkpl\u00e4tzen oder \u00f6ffentlichen Verkehrsmitteln beim AH SchootenPlaza ein.","robots":{"index":"index","follow":"follow","max-snippet":"max-snippet:-1","max-image-preview":"max-image-preview:large","max-video-preview":"max-video-preview:-1"},"canonical":"https:\/\/ahschootenplaza.nl\/de\/adresse-oeffnungszeiten\/","og_locale":"de_DE","og_type":"article","og_title":"Adresse & \u00d6ffnungszeiten &#183; AH SchootenPlaza Den Helder","og_description":"Sehen Sie Adresse, \u00d6ffnungszeiten und Informationen zu Parkpl\u00e4tzen oder \u00f6ffentlichen Verkehrsmitteln beim AH SchootenPlaza ein.","og_url":"https:\/\/ahschootenplaza.nl\/de\/adresse-oeffnungszeiten\/","og_site_name":"AH SchootenPlaza Den Helder","article_publisher":"https:\/\/www.facebook.com\/ahschootenplaza\/","article_modified_time":"2026-04-07T07:28:57+00:00","og_image":[{"width":696,"height":696,"url":"https:\/\/ahschootenplaza.nl\/wp-content\/uploads\/2025\/06\/social-1x1-1.jpg","type":"image\/jpeg"}],"twitter_card":"summary_large_image","twitter_misc":{"Gesch\u00e4tzte Lesezeit":"1\u00a0Minute"},"schema":{"@context":"https:\/\/schema.org","@graph":[{"@type":"WebPage","@id":"https:\/\/ahschootenplaza.nl\/de\/adresse-oeffnungszeiten\/","url":"https:\/\/ahschootenplaza.nl\/de\/adresse-oeffnungszeiten\/","name":"Adresse & \u00d6ffnungszeiten &#183; AH SchootenPlaza Den Helder","isPartOf":{"@id":"https:\/\/ahschootenplaza.nl\/de\/#website"},"datePublished":"2025-05-28T08:26:23+00:00","dateModified":"2026-04-07T07:28:57+00:00","description":"Sehen Sie Adresse, \u00d6ffnungszeiten und Informationen zu Parkpl\u00e4tzen oder \u00f6ffentlichen Verkehrsmitteln beim AH SchootenPlaza ein.","breadcrumb":{"@id":"https:\/\/ahschootenplaza.nl\/de\/adresse-oeffnungszeiten\/#breadcrumb"},"inLanguage":"de","potentialAction":[{"@type":"ReadAction","target":["https:\/\/ahschootenplaza.nl\/de\/adresse-oeffnungszeiten\/"]}]},{"@type":"BreadcrumbList","@id":"https:\/\/ahschootenplaza.nl\/de\/adresse-oeffnungszeiten\/#breadcrumb","itemListElement":[{"@type":"ListItem","position":1,"name":"AH SchootenPlaza","item":"https:\/\/ahschootenplaza.nl\/de\/"},{"@type":"ListItem","position":2,"name":"Adresse &#038; \u00d6ffnungszeiten"}]},{"@type":"WebSite","@id":"https:\/\/ahschootenplaza.nl\/de\/#website","url":"https:\/\/ahschootenplaza.nl\/de\/","name":"Albert Heijn SchootenPlaza Den Helder","description":"Vertraut mit dem gewissen Extra.","publisher":{"@id":"https:\/\/ahschootenplaza.nl\/de\/#organization"},"alternateName":"AH SchootenPlaza","potentialAction":[{"@type":"SearchAction","target":{"@type":"EntryPoint","urlTemplate":"https:\/\/ahschootenplaza.nl\/de\/?s={search_term_string}"},"query-input":{"@type":"PropertyValueSpecification","valueRequired":true,"valueName":"search_term_string"}}],"inLanguage":"de"},{"@type":"Organization","@id":"https:\/\/ahschootenplaza.nl\/de\/#organization","name":"AH SchootenPlaza Den Helder","alternateName":"AH SchootenPlaza","url":"https:\/\/ahschootenplaza.nl\/de\/","logo":{"@type":"ImageObject","inLanguage":"de","@id":"https:\/\/ahschootenplaza.nl\/de\/#\/schema\/logo\/image\/","url":"https:\/\/ahschootenplaza.nl\/wp-content\/uploads\/2025\/06\/social-1x1-1.jpg","contentUrl":"https:\/\/ahschootenplaza.nl\/wp-content\/uploads\/2025\/06\/social-1x1-1.jpg","width":696,"height":696,"caption":"AH SchootenPlaza Den Helder"},"image":{"@id":"https:\/\/ahschootenplaza.nl\/de\/#\/schema\/logo\/image\/"},"sameAs":["https:\/\/www.facebook.com\/ahschootenplaza\/"]}]}},"_links":{"self":[{"href":"https:\/\/ahschootenplaza.nl\/de\/wp-json\/wp\/v2\/pages\/3023","targetHints":{"allow":["GET"]}}],"collection":[{"href":"https:\/\/ahschootenplaza.nl\/de\/wp-json\/wp\/v2\/pages"}],"about":[{"href":"https:\/\/ahschootenplaza.nl\/de\/wp-json\/wp\/v2\/types\/page"}],"author":[{"embeddable":true,"href":"https:\/\/ahschootenplaza.nl\/de\/wp-json\/wp\/v2\/users\/2"}],"replies":[{"embeddable":true,"href":"https:\/\/ahschootenplaza.nl\/de\/wp-json\/wp\/v2\/comments?post=3023"}],"version-history":[{"count":4,"href":"https:\/\/ahschootenplaza.nl\/de\/wp-json\/wp\/v2\/pages\/3023\/revisions"}],"predecessor-version":[{"id":3353,"href":"https:\/\/ahschootenplaza.nl\/de\/wp-json\/wp\/v2\/pages\/3023\/revisions\/3353"}],"wp:attachment":[{"href":"https:\/\/ahschootenplaza.nl\/de\/wp-json\/wp\/v2\/media?parent=3023"}],"curies":[{"name":"wp","href":"https:\/\/api.w.org\/{rel}","templated":true}]}}