{"id":3029,"date":"2025-05-28T10:27:02","date_gmt":"2025-05-28T08:27:02","guid":{"rendered":"https:\/\/ahschootenplaza.nl\/contact-of-suggesties\/"},"modified":"2025-07-08T11:18:13","modified_gmt":"2025-07-08T09:18:13","slug":"kontakt-oder-vorschlaege","status":"publish","type":"page","link":"https:\/\/ahschootenplaza.nl\/de\/kontakt-oder-vorschlaege\/","title":{"rendered":"Kontakt oder Vorschl\u00e4ge"},"content":{"rendered":"","protected":false},"excerpt":{"rendered":"","protected":false},"author":2,"featured_media":0,"parent":0,"menu_order":16,"comment_status":"closed","ping_status":"closed","template":"","meta":{"_acf_changed":false,"footnotes":""},"class_list":["post-3029","page","type-page","status-publish","hentry"],"acf":[],"yoast_head":"<!-- This site is optimized with the Yoast SEO plugin v27.0 - https:\/\/yoast.com\/product\/yoast-seo-wordpress\/ -->\n<title>Kontakt oder Vorschl\u00e4ge &#183; AH SchootenPlaza Den Helder<\/title>\n<meta name=\"description\" content=\"Haben Sie eine Frage, eine gute Idee oder m\u00f6chten Sie sich bewerben? Teilen Sie es uns \u00fcber dieses Formular mit \u2014 wir sorgen daf\u00fcr, dass Ihre Nachricht richtig ankommt.\" \/>\n<meta name=\"robots\" content=\"index, follow, max-snippet:-1, max-image-preview:large, max-video-preview:-1\" \/>\n<link rel=\"canonical\" href=\"https:\/\/ahschootenplaza.nl\/de\/kontakt-oder-vorschlaege\/\" \/>\n<meta property=\"og:locale\" content=\"de_DE\" \/>\n<meta property=\"og:type\" content=\"article\" \/>\n<meta property=\"og:title\" content=\"Kontakt oder Vorschl\u00e4ge &#183; AH SchootenPlaza Den Helder\" \/>\n<meta property=\"og:description\" content=\"Haben Sie eine Frage, eine gute Idee oder m\u00f6chten Sie sich bewerben? Teilen Sie es uns \u00fcber dieses Formular mit \u2014 wir sorgen daf\u00fcr, dass Ihre Nachricht richtig ankommt.\" \/>\n<meta property=\"og:url\" content=\"https:\/\/ahschootenplaza.nl\/de\/kontakt-oder-vorschlaege\/\" \/>\n<meta property=\"og:site_name\" content=\"AH SchootenPlaza Den Helder\" \/>\n<meta property=\"article:publisher\" content=\"https:\/\/www.facebook.com\/ahschootenplaza\/\" \/>\n<meta property=\"article:modified_time\" content=\"2025-07-08T09:18:13+00:00\" \/>\n<meta property=\"og:image\" content=\"https:\/\/ahschootenplaza.nl\/wp-content\/uploads\/2025\/06\/social-1x1-1.jpg\" \/>\n\t<meta property=\"og:image:width\" content=\"696\" \/>\n\t<meta property=\"og:image:height\" content=\"696\" \/>\n\t<meta property=\"og:image:type\" content=\"image\/jpeg\" \/>\n<meta name=\"twitter:card\" content=\"summary_large_image\" \/>\n<meta name=\"twitter:label1\" content=\"Gesch\u00e4tzte Lesezeit\" \/>\n\t<meta name=\"twitter:data1\" content=\"1\u00a0Minute\" \/>\n<script type=\"application\/ld+json\" class=\"yoast-schema-graph\">{\"@context\":\"https:\/\/schema.org\",\"@graph\":[{\"@type\":\"WebPage\",\"@id\":\"https:\/\/ahschootenplaza.nl\/de\/kontakt-oder-vorschlaege\/\",\"url\":\"https:\/\/ahschootenplaza.nl\/de\/kontakt-oder-vorschlaege\/\",\"name\":\"Kontakt oder Vorschl\u00e4ge &#183; AH SchootenPlaza Den Helder\",\"isPartOf\":{\"@id\":\"https:\/\/ahschootenplaza.nl\/de\/#website\"},\"datePublished\":\"2025-05-28T08:27:02+00:00\",\"dateModified\":\"2025-07-08T09:18:13+00:00\",\"description\":\"Haben Sie eine Frage, eine gute Idee oder m\u00f6chten Sie sich bewerben? Teilen Sie es uns \u00fcber dieses Formular mit \u2014 wir sorgen daf\u00fcr, dass Ihre Nachricht richtig ankommt.\",\"breadcrumb\":{\"@id\":\"https:\/\/ahschootenplaza.nl\/de\/kontakt-oder-vorschlaege\/#breadcrumb\"},\"inLanguage\":\"de\",\"potentialAction\":[{\"@type\":\"ReadAction\",\"target\":[\"https:\/\/ahschootenplaza.nl\/de\/kontakt-oder-vorschlaege\/\"]}]},{\"@type\":\"BreadcrumbList\",\"@id\":\"https:\/\/ahschootenplaza.nl\/de\/kontakt-oder-vorschlaege\/#breadcrumb\",\"itemListElement\":[{\"@type\":\"ListItem\",\"position\":1,\"name\":\"AH SchootenPlaza\",\"item\":\"https:\/\/ahschootenplaza.nl\/de\/\"},{\"@type\":\"ListItem\",\"position\":2,\"name\":\"Kontakt oder Vorschl\u00e4ge\"}]},{\"@type\":\"WebSite\",\"@id\":\"https:\/\/ahschootenplaza.nl\/de\/#website\",\"url\":\"https:\/\/ahschootenplaza.nl\/de\/\",\"name\":\"Albert Heijn SchootenPlaza Den Helder\",\"description\":\"Vertraut mit dem gewissen Extra.\",\"publisher\":{\"@id\":\"https:\/\/ahschootenplaza.nl\/de\/#organization\"},\"alternateName\":\"AH SchootenPlaza\",\"potentialAction\":[{\"@type\":\"SearchAction\",\"target\":{\"@type\":\"EntryPoint\",\"urlTemplate\":\"https:\/\/ahschootenplaza.nl\/de\/?s={search_term_string}\"},\"query-input\":{\"@type\":\"PropertyValueSpecification\",\"valueRequired\":true,\"valueName\":\"search_term_string\"}}],\"inLanguage\":\"de\"},{\"@type\":\"Organization\",\"@id\":\"https:\/\/ahschootenplaza.nl\/de\/#organization\",\"name\":\"AH SchootenPlaza Den Helder\",\"alternateName\":\"AH SchootenPlaza\",\"url\":\"https:\/\/ahschootenplaza.nl\/de\/\",\"logo\":{\"@type\":\"ImageObject\",\"inLanguage\":\"de\",\"@id\":\"https:\/\/ahschootenplaza.nl\/de\/#\/schema\/logo\/image\/\",\"url\":\"https:\/\/ahschootenplaza.nl\/wp-content\/uploads\/2025\/06\/social-1x1-1.jpg\",\"contentUrl\":\"https:\/\/ahschootenplaza.nl\/wp-content\/uploads\/2025\/06\/social-1x1-1.jpg\",\"width\":696,\"height\":696,\"caption\":\"AH SchootenPlaza Den Helder\"},\"image\":{\"@id\":\"https:\/\/ahschootenplaza.nl\/de\/#\/schema\/logo\/image\/\"},\"sameAs\":[\"https:\/\/www.facebook.com\/ahschootenplaza\/\"]}]}<\/script>\n<!-- \/ Yoast SEO plugin. -->","yoast_head_json":{"title":"Kontakt oder Vorschl\u00e4ge &#183; AH SchootenPlaza Den Helder","description":"Haben Sie eine Frage, eine gute Idee oder m\u00f6chten Sie sich bewerben? Teilen Sie es uns \u00fcber dieses Formular mit \u2014 wir sorgen daf\u00fcr, dass Ihre Nachricht richtig ankommt.","robots":{"index":"index","follow":"follow","max-snippet":"max-snippet:-1","max-image-preview":"max-image-preview:large","max-video-preview":"max-video-preview:-1"},"canonical":"https:\/\/ahschootenplaza.nl\/de\/kontakt-oder-vorschlaege\/","og_locale":"de_DE","og_type":"article","og_title":"Kontakt oder Vorschl\u00e4ge &#183; AH SchootenPlaza Den Helder","og_description":"Haben Sie eine Frage, eine gute Idee oder m\u00f6chten Sie sich bewerben? Teilen Sie es uns \u00fcber dieses Formular mit \u2014 wir sorgen daf\u00fcr, dass Ihre Nachricht richtig ankommt.","og_url":"https:\/\/ahschootenplaza.nl\/de\/kontakt-oder-vorschlaege\/","og_site_name":"AH SchootenPlaza Den Helder","article_publisher":"https:\/\/www.facebook.com\/ahschootenplaza\/","article_modified_time":"2025-07-08T09:18:13+00:00","og_image":[{"width":696,"height":696,"url":"https:\/\/ahschootenplaza.nl\/wp-content\/uploads\/2025\/06\/social-1x1-1.jpg","type":"image\/jpeg"}],"twitter_card":"summary_large_image","twitter_misc":{"Gesch\u00e4tzte Lesezeit":"1\u00a0Minute"},"schema":{"@context":"https:\/\/schema.org","@graph":[{"@type":"WebPage","@id":"https:\/\/ahschootenplaza.nl\/de\/kontakt-oder-vorschlaege\/","url":"https:\/\/ahschootenplaza.nl\/de\/kontakt-oder-vorschlaege\/","name":"Kontakt oder Vorschl\u00e4ge &#183; AH SchootenPlaza Den Helder","isPartOf":{"@id":"https:\/\/ahschootenplaza.nl\/de\/#website"},"datePublished":"2025-05-28T08:27:02+00:00","dateModified":"2025-07-08T09:18:13+00:00","description":"Haben Sie eine Frage, eine gute Idee oder m\u00f6chten Sie sich bewerben? Teilen Sie es uns \u00fcber dieses Formular mit \u2014 wir sorgen daf\u00fcr, dass Ihre Nachricht richtig ankommt.","breadcrumb":{"@id":"https:\/\/ahschootenplaza.nl\/de\/kontakt-oder-vorschlaege\/#breadcrumb"},"inLanguage":"de","potentialAction":[{"@type":"ReadAction","target":["https:\/\/ahschootenplaza.nl\/de\/kontakt-oder-vorschlaege\/"]}]},{"@type":"BreadcrumbList","@id":"https:\/\/ahschootenplaza.nl\/de\/kontakt-oder-vorschlaege\/#breadcrumb","itemListElement":[{"@type":"ListItem","position":1,"name":"AH SchootenPlaza","item":"https:\/\/ahschootenplaza.nl\/de\/"},{"@type":"ListItem","position":2,"name":"Kontakt oder Vorschl\u00e4ge"}]},{"@type":"WebSite","@id":"https:\/\/ahschootenplaza.nl\/de\/#website","url":"https:\/\/ahschootenplaza.nl\/de\/","name":"Albert Heijn SchootenPlaza Den Helder","description":"Vertraut mit dem gewissen Extra.","publisher":{"@id":"https:\/\/ahschootenplaza.nl\/de\/#organization"},"alternateName":"AH SchootenPlaza","potentialAction":[{"@type":"SearchAction","target":{"@type":"EntryPoint","urlTemplate":"https:\/\/ahschootenplaza.nl\/de\/?s={search_term_string}"},"query-input":{"@type":"PropertyValueSpecification","valueRequired":true,"valueName":"search_term_string"}}],"inLanguage":"de"},{"@type":"Organization","@id":"https:\/\/ahschootenplaza.nl\/de\/#organization","name":"AH SchootenPlaza Den Helder","alternateName":"AH SchootenPlaza","url":"https:\/\/ahschootenplaza.nl\/de\/","logo":{"@type":"ImageObject","inLanguage":"de","@id":"https:\/\/ahschootenplaza.nl\/de\/#\/schema\/logo\/image\/","url":"https:\/\/ahschootenplaza.nl\/wp-content\/uploads\/2025\/06\/social-1x1-1.jpg","contentUrl":"https:\/\/ahschootenplaza.nl\/wp-content\/uploads\/2025\/06\/social-1x1-1.jpg","width":696,"height":696,"caption":"AH SchootenPlaza Den Helder"},"image":{"@id":"https:\/\/ahschootenplaza.nl\/de\/#\/schema\/logo\/image\/"},"sameAs":["https:\/\/www.facebook.com\/ahschootenplaza\/"]}]}},"_links":{"self":[{"href":"https:\/\/ahschootenplaza.nl\/de\/wp-json\/wp\/v2\/pages\/3029","targetHints":{"allow":["GET"]}}],"collection":[{"href":"https:\/\/ahschootenplaza.nl\/de\/wp-json\/wp\/v2\/pages"}],"about":[{"href":"https:\/\/ahschootenplaza.nl\/de\/wp-json\/wp\/v2\/types\/page"}],"author":[{"embeddable":true,"href":"https:\/\/ahschootenplaza.nl\/de\/wp-json\/wp\/v2\/users\/2"}],"replies":[{"embeddable":true,"href":"https:\/\/ahschootenplaza.nl\/de\/wp-json\/wp\/v2\/comments?post=3029"}],"version-history":[{"count":2,"href":"https:\/\/ahschootenplaza.nl\/de\/wp-json\/wp\/v2\/pages\/3029\/revisions"}],"predecessor-version":[{"id":3053,"href":"https:\/\/ahschootenplaza.nl\/de\/wp-json\/wp\/v2\/pages\/3029\/revisions\/3053"}],"wp:attachment":[{"href":"https:\/\/ahschootenplaza.nl\/de\/wp-json\/wp\/v2\/media?parent=3029"}],"curies":[{"name":"wp","href":"https:\/\/api.w.org\/{rel}","templated":true}]}}