{"id":3055,"date":"2025-05-21T10:41:40","date_gmt":"2025-05-21T08:41:40","guid":{"rendered":"https:\/\/ahschootenplaza.nl\/ah-schootenplaza\/"},"modified":"2025-07-08T10:15:21","modified_gmt":"2025-07-08T08:15:21","slug":"ah-schootenplaza","status":"publish","type":"page","link":"https:\/\/ahschootenplaza.nl\/pl\/","title":{"rendered":"AH SchootenPlaza"},"content":{"rendered":"","protected":false},"excerpt":{"rendered":"","protected":false},"author":2,"featured_media":2005,"parent":0,"menu_order":0,"comment_status":"closed","ping_status":"closed","template":"","meta":{"_acf_changed":false,"footnotes":""},"class_list":["post-3055","page","type-page","status-publish","has-post-thumbnail","hentry"],"acf":[],"yoast_head":"<!-- This site is optimized with the Yoast SEO plugin v27.0 - https:\/\/yoast.com\/product\/yoast-seo-wordpress\/ -->\n<title>AH SchootenPlaza Den Helder &#183; Zaufany z odrobin\u0105 wi\u0119cej.<\/title>\n<meta name=\"description\" content=\"Albert Heijn SchootenPlaza Den Helder \u2014 Tw\u00f3j zaufany supermarket z odrobin\u0105 wi\u0119cej. Sprawd\u017a nasze us\u0142ugi, promocje i oferty pracy.\" \/>\n<meta name=\"robots\" content=\"index, follow, max-snippet:-1, max-image-preview:large, max-video-preview:-1\" \/>\n<link rel=\"canonical\" href=\"https:\/\/ahschootenplaza.nl\/pl\/\" \/>\n<meta property=\"og:locale\" content=\"pl_PL\" \/>\n<meta property=\"og:type\" content=\"article\" \/>\n<meta property=\"og:title\" content=\"AH SchootenPlaza Den Helder &#183; Zaufany z odrobin\u0105 wi\u0119cej.\" \/>\n<meta property=\"og:description\" content=\"Albert Heijn SchootenPlaza Den Helder \u2014 Tw\u00f3j zaufany supermarket z odrobin\u0105 wi\u0119cej. Sprawd\u017a nasze us\u0142ugi, promocje i oferty pracy.\" \/>\n<meta property=\"og:url\" content=\"https:\/\/ahschootenplaza.nl\/pl\/\" \/>\n<meta property=\"og:site_name\" content=\"AH SchootenPlaza Den Helder\" \/>\n<meta property=\"article:publisher\" content=\"https:\/\/www.facebook.com\/ahschootenplaza\/\" \/>\n<meta property=\"article:modified_time\" content=\"2025-07-08T08:15:21+00:00\" \/>\n<meta property=\"og:image\" content=\"https:\/\/ahschootenplaza.nl\/wp-content\/uploads\/2025\/06\/Winkelopening_AH_Den-Helder_Jitske_250520101600_1.jpg\" \/>\n\t<meta property=\"og:image:width\" content=\"1920\" \/>\n\t<meta property=\"og:image:height\" content=\"1280\" \/>\n\t<meta property=\"og:image:type\" content=\"image\/jpeg\" \/>\n<meta name=\"twitter:card\" content=\"summary_large_image\" \/>\n<meta name=\"twitter:label1\" content=\"Szacowany czas czytania\" \/>\n\t<meta name=\"twitter:data1\" content=\"2 minuty\" \/>\n<script type=\"application\/ld+json\" class=\"yoast-schema-graph\">{\"@context\":\"https:\/\/schema.org\",\"@graph\":[{\"@type\":\"WebPage\",\"@id\":\"https:\/\/ahschootenplaza.nl\/pl\/\",\"url\":\"https:\/\/ahschootenplaza.nl\/pl\/\",\"name\":\"AH SchootenPlaza Den Helder &#183; Zaufany z odrobin\u0105 wi\u0119cej.\",\"isPartOf\":{\"@id\":\"https:\/\/ahschootenplaza.nl\/pl\/#website\"},\"primaryImageOfPage\":{\"@id\":\"https:\/\/ahschootenplaza.nl\/pl\/#primaryimage\"},\"image\":{\"@id\":\"https:\/\/ahschootenplaza.nl\/pl\/#primaryimage\"},\"thumbnailUrl\":\"https:\/\/ahschootenplaza.nl\/wp-content\/uploads\/2025\/06\/Winkelopening_AH_Den-Helder_Jitske_250520101600_1.jpg\",\"datePublished\":\"2025-05-21T08:41:40+00:00\",\"dateModified\":\"2025-07-08T08:15:21+00:00\",\"description\":\"Albert Heijn SchootenPlaza Den Helder \u2014 Tw\u00f3j zaufany supermarket z odrobin\u0105 wi\u0119cej. Sprawd\u017a nasze us\u0142ugi, promocje i oferty pracy.\",\"breadcrumb\":{\"@id\":\"https:\/\/ahschootenplaza.nl\/pl\/#breadcrumb\"},\"inLanguage\":\"pl-PL\",\"potentialAction\":[{\"@type\":\"ReadAction\",\"target\":[\"https:\/\/ahschootenplaza.nl\/pl\/\"]}]},{\"@type\":\"ImageObject\",\"inLanguage\":\"pl-PL\",\"@id\":\"https:\/\/ahschootenplaza.nl\/pl\/#primaryimage\",\"url\":\"https:\/\/ahschootenplaza.nl\/wp-content\/uploads\/2025\/06\/Winkelopening_AH_Den-Helder_Jitske_250520101600_1.jpg\",\"contentUrl\":\"https:\/\/ahschootenplaza.nl\/wp-content\/uploads\/2025\/06\/Winkelopening_AH_Den-Helder_Jitske_250520101600_1.jpg\",\"width\":1920,\"height\":1280},{\"@type\":\"BreadcrumbList\",\"@id\":\"https:\/\/ahschootenplaza.nl\/pl\/#breadcrumb\",\"itemListElement\":[{\"@type\":\"ListItem\",\"position\":1,\"name\":\"AH SchootenPlaza\",\"item\":\"https:\/\/ahschootenplaza.nl\/pl\/\"},{\"@type\":\"ListItem\",\"position\":2,\"name\":\"AH SchootenPlaza\"}]},{\"@type\":\"WebSite\",\"@id\":\"https:\/\/ahschootenplaza.nl\/pl\/#website\",\"url\":\"https:\/\/ahschootenplaza.nl\/pl\/\",\"name\":\"Albert Heijn SchootenPlaza Den Helder\",\"description\":\"Zaufany z odrobin\u0105 wi\u0119cej.\",\"publisher\":{\"@id\":\"https:\/\/ahschootenplaza.nl\/pl\/#organization\"},\"alternateName\":\"AH SchootenPlaza\",\"potentialAction\":[{\"@type\":\"SearchAction\",\"target\":{\"@type\":\"EntryPoint\",\"urlTemplate\":\"https:\/\/ahschootenplaza.nl\/pl\/?s={search_term_string}\"},\"query-input\":{\"@type\":\"PropertyValueSpecification\",\"valueRequired\":true,\"valueName\":\"search_term_string\"}}],\"inLanguage\":\"pl-PL\"},{\"@type\":\"Organization\",\"@id\":\"https:\/\/ahschootenplaza.nl\/pl\/#organization\",\"name\":\"AH SchootenPlaza Den Helder\",\"alternateName\":\"AH SchootenPlaza\",\"url\":\"https:\/\/ahschootenplaza.nl\/pl\/\",\"logo\":{\"@type\":\"ImageObject\",\"inLanguage\":\"pl-PL\",\"@id\":\"https:\/\/ahschootenplaza.nl\/pl\/#\/schema\/logo\/image\/\",\"url\":\"https:\/\/ahschootenplaza.nl\/wp-content\/uploads\/2025\/06\/social-1x1-1.jpg\",\"contentUrl\":\"https:\/\/ahschootenplaza.nl\/wp-content\/uploads\/2025\/06\/social-1x1-1.jpg\",\"width\":696,\"height\":696,\"caption\":\"AH SchootenPlaza Den Helder\"},\"image\":{\"@id\":\"https:\/\/ahschootenplaza.nl\/pl\/#\/schema\/logo\/image\/\"},\"sameAs\":[\"https:\/\/www.facebook.com\/ahschootenplaza\/\"]}]}<\/script>\n<!-- \/ Yoast SEO plugin. -->","yoast_head_json":{"title":"AH SchootenPlaza Den Helder &#183; Zaufany z odrobin\u0105 wi\u0119cej.","description":"Albert Heijn SchootenPlaza Den Helder \u2014 Tw\u00f3j zaufany supermarket z odrobin\u0105 wi\u0119cej. Sprawd\u017a nasze us\u0142ugi, promocje i oferty pracy.","robots":{"index":"index","follow":"follow","max-snippet":"max-snippet:-1","max-image-preview":"max-image-preview:large","max-video-preview":"max-video-preview:-1"},"canonical":"https:\/\/ahschootenplaza.nl\/pl\/","og_locale":"pl_PL","og_type":"article","og_title":"AH SchootenPlaza Den Helder &#183; Zaufany z odrobin\u0105 wi\u0119cej.","og_description":"Albert Heijn SchootenPlaza Den Helder \u2014 Tw\u00f3j zaufany supermarket z odrobin\u0105 wi\u0119cej. Sprawd\u017a nasze us\u0142ugi, promocje i oferty pracy.","og_url":"https:\/\/ahschootenplaza.nl\/pl\/","og_site_name":"AH SchootenPlaza Den Helder","article_publisher":"https:\/\/www.facebook.com\/ahschootenplaza\/","article_modified_time":"2025-07-08T08:15:21+00:00","og_image":[{"width":1920,"height":1280,"url":"https:\/\/ahschootenplaza.nl\/wp-content\/uploads\/2025\/06\/Winkelopening_AH_Den-Helder_Jitske_250520101600_1.jpg","type":"image\/jpeg"}],"twitter_card":"summary_large_image","twitter_misc":{"Szacowany czas czytania":"2 minuty"},"schema":{"@context":"https:\/\/schema.org","@graph":[{"@type":"WebPage","@id":"https:\/\/ahschootenplaza.nl\/pl\/","url":"https:\/\/ahschootenplaza.nl\/pl\/","name":"AH SchootenPlaza Den Helder &#183; Zaufany z odrobin\u0105 wi\u0119cej.","isPartOf":{"@id":"https:\/\/ahschootenplaza.nl\/pl\/#website"},"primaryImageOfPage":{"@id":"https:\/\/ahschootenplaza.nl\/pl\/#primaryimage"},"image":{"@id":"https:\/\/ahschootenplaza.nl\/pl\/#primaryimage"},"thumbnailUrl":"https:\/\/ahschootenplaza.nl\/wp-content\/uploads\/2025\/06\/Winkelopening_AH_Den-Helder_Jitske_250520101600_1.jpg","datePublished":"2025-05-21T08:41:40+00:00","dateModified":"2025-07-08T08:15:21+00:00","description":"Albert Heijn SchootenPlaza Den Helder \u2014 Tw\u00f3j zaufany supermarket z odrobin\u0105 wi\u0119cej. Sprawd\u017a nasze us\u0142ugi, promocje i oferty pracy.","breadcrumb":{"@id":"https:\/\/ahschootenplaza.nl\/pl\/#breadcrumb"},"inLanguage":"pl-PL","potentialAction":[{"@type":"ReadAction","target":["https:\/\/ahschootenplaza.nl\/pl\/"]}]},{"@type":"ImageObject","inLanguage":"pl-PL","@id":"https:\/\/ahschootenplaza.nl\/pl\/#primaryimage","url":"https:\/\/ahschootenplaza.nl\/wp-content\/uploads\/2025\/06\/Winkelopening_AH_Den-Helder_Jitske_250520101600_1.jpg","contentUrl":"https:\/\/ahschootenplaza.nl\/wp-content\/uploads\/2025\/06\/Winkelopening_AH_Den-Helder_Jitske_250520101600_1.jpg","width":1920,"height":1280},{"@type":"BreadcrumbList","@id":"https:\/\/ahschootenplaza.nl\/pl\/#breadcrumb","itemListElement":[{"@type":"ListItem","position":1,"name":"AH SchootenPlaza","item":"https:\/\/ahschootenplaza.nl\/pl\/"},{"@type":"ListItem","position":2,"name":"AH SchootenPlaza"}]},{"@type":"WebSite","@id":"https:\/\/ahschootenplaza.nl\/pl\/#website","url":"https:\/\/ahschootenplaza.nl\/pl\/","name":"Albert Heijn SchootenPlaza Den Helder","description":"Zaufany z odrobin\u0105 wi\u0119cej.","publisher":{"@id":"https:\/\/ahschootenplaza.nl\/pl\/#organization"},"alternateName":"AH SchootenPlaza","potentialAction":[{"@type":"SearchAction","target":{"@type":"EntryPoint","urlTemplate":"https:\/\/ahschootenplaza.nl\/pl\/?s={search_term_string}"},"query-input":{"@type":"PropertyValueSpecification","valueRequired":true,"valueName":"search_term_string"}}],"inLanguage":"pl-PL"},{"@type":"Organization","@id":"https:\/\/ahschootenplaza.nl\/pl\/#organization","name":"AH SchootenPlaza Den Helder","alternateName":"AH SchootenPlaza","url":"https:\/\/ahschootenplaza.nl\/pl\/","logo":{"@type":"ImageObject","inLanguage":"pl-PL","@id":"https:\/\/ahschootenplaza.nl\/pl\/#\/schema\/logo\/image\/","url":"https:\/\/ahschootenplaza.nl\/wp-content\/uploads\/2025\/06\/social-1x1-1.jpg","contentUrl":"https:\/\/ahschootenplaza.nl\/wp-content\/uploads\/2025\/06\/social-1x1-1.jpg","width":696,"height":696,"caption":"AH SchootenPlaza Den Helder"},"image":{"@id":"https:\/\/ahschootenplaza.nl\/pl\/#\/schema\/logo\/image\/"},"sameAs":["https:\/\/www.facebook.com\/ahschootenplaza\/"]}]}},"_links":{"self":[{"href":"https:\/\/ahschootenplaza.nl\/pl\/wp-json\/wp\/v2\/pages\/3055","targetHints":{"allow":["GET"]}}],"collection":[{"href":"https:\/\/ahschootenplaza.nl\/pl\/wp-json\/wp\/v2\/pages"}],"about":[{"href":"https:\/\/ahschootenplaza.nl\/pl\/wp-json\/wp\/v2\/types\/page"}],"author":[{"embeddable":true,"href":"https:\/\/ahschootenplaza.nl\/pl\/wp-json\/wp\/v2\/users\/2"}],"replies":[{"embeddable":true,"href":"https:\/\/ahschootenplaza.nl\/pl\/wp-json\/wp\/v2\/comments?post=3055"}],"version-history":[{"count":1,"href":"https:\/\/ahschootenplaza.nl\/pl\/wp-json\/wp\/v2\/pages\/3055\/revisions"}],"predecessor-version":[{"id":3108,"href":"https:\/\/ahschootenplaza.nl\/pl\/wp-json\/wp\/v2\/pages\/3055\/revisions\/3108"}],"wp:featuredmedia":[{"embeddable":true,"href":"https:\/\/ahschootenplaza.nl\/pl\/wp-json\/wp\/v2\/media\/2005"}],"wp:attachment":[{"href":"https:\/\/ahschootenplaza.nl\/pl\/wp-json\/wp\/v2\/media?parent=3055"}],"curies":[{"name":"wp","href":"https:\/\/api.w.org\/{rel}","templated":true}]}}