{"id":3090,"date":"2025-05-27T13:48:22","date_gmt":"2025-05-27T11:48:22","guid":{"rendered":"https:\/\/ahschootenplaza.nl\/werken-bij\/"},"modified":"2025-07-08T10:57:15","modified_gmt":"2025-07-08T08:57:15","slug":"praca-w","status":"publish","type":"page","link":"https:\/\/ahschootenplaza.nl\/pl\/praca-w\/","title":{"rendered":"Praca w"},"content":{"rendered":"","protected":false},"excerpt":{"rendered":"","protected":false},"author":2,"featured_media":2206,"parent":0,"menu_order":11,"comment_status":"closed","ping_status":"closed","template":"","meta":{"_acf_changed":false,"footnotes":""},"class_list":["post-3090","page","type-page","status-publish","has-post-thumbnail","hentry"],"acf":[],"yoast_head":"<!-- This site is optimized with the Yoast SEO plugin v27.0 - https:\/\/yoast.com\/product\/yoast-seo-wordpress\/ -->\n<title>Praca w &#183; AH SchootenPlaza Den Helder<\/title>\n<meta name=\"description\" content=\"Do\u0142\u0105cz do naszego entuzjastycznego zespo\u0142u w AH SchootenPlaza. Sprawd\u017a mo\u017cliwo\u015bci pracy dodatkowej, sta\u017cu lub sta\u0142ego zatrudnienia.\" \/>\n<meta name=\"robots\" content=\"index, follow, max-snippet:-1, max-image-preview:large, max-video-preview:-1\" \/>\n<link rel=\"canonical\" href=\"https:\/\/ahschootenplaza.nl\/pl\/praca-w\/\" \/>\n<meta property=\"og:locale\" content=\"pl_PL\" \/>\n<meta property=\"og:type\" content=\"article\" \/>\n<meta property=\"og:title\" content=\"Praca w &#183; AH SchootenPlaza Den Helder\" \/>\n<meta property=\"og:description\" content=\"Do\u0142\u0105cz do naszego entuzjastycznego zespo\u0142u w AH SchootenPlaza. Sprawd\u017a mo\u017cliwo\u015bci pracy dodatkowej, sta\u017cu lub sta\u0142ego zatrudnienia.\" \/>\n<meta property=\"og:url\" content=\"https:\/\/ahschootenplaza.nl\/pl\/praca-w\/\" \/>\n<meta property=\"og:site_name\" content=\"AH SchootenPlaza Den Helder\" \/>\n<meta property=\"article:publisher\" content=\"https:\/\/www.facebook.com\/ahschootenplaza\/\" \/>\n<meta property=\"article:modified_time\" content=\"2025-07-08T08:57:15+00:00\" \/>\n<meta property=\"og:image\" content=\"https:\/\/ahschootenplaza.nl\/wp-content\/uploads\/2025\/06\/ZRG_7212.jpg\" \/>\n\t<meta property=\"og:image:width\" content=\"1920\" \/>\n\t<meta property=\"og:image:height\" content=\"1280\" \/>\n\t<meta property=\"og:image:type\" content=\"image\/jpeg\" \/>\n<meta name=\"twitter:card\" content=\"summary_large_image\" \/>\n<meta name=\"twitter:label1\" content=\"Szacowany czas czytania\" \/>\n\t<meta name=\"twitter:data1\" content=\"3 minuty\" \/>\n<script type=\"application\/ld+json\" class=\"yoast-schema-graph\">{\"@context\":\"https:\/\/schema.org\",\"@graph\":[{\"@type\":\"WebPage\",\"@id\":\"https:\/\/ahschootenplaza.nl\/pl\/praca-w\/\",\"url\":\"https:\/\/ahschootenplaza.nl\/pl\/praca-w\/\",\"name\":\"Praca w &#183; AH SchootenPlaza Den Helder\",\"isPartOf\":{\"@id\":\"https:\/\/ahschootenplaza.nl\/pl\/#website\"},\"primaryImageOfPage\":{\"@id\":\"https:\/\/ahschootenplaza.nl\/pl\/praca-w\/#primaryimage\"},\"image\":{\"@id\":\"https:\/\/ahschootenplaza.nl\/pl\/praca-w\/#primaryimage\"},\"thumbnailUrl\":\"https:\/\/ahschootenplaza.nl\/wp-content\/uploads\/2025\/06\/ZRG_7212.jpg\",\"datePublished\":\"2025-05-27T11:48:22+00:00\",\"dateModified\":\"2025-07-08T08:57:15+00:00\",\"description\":\"Do\u0142\u0105cz do naszego entuzjastycznego zespo\u0142u w AH SchootenPlaza. Sprawd\u017a mo\u017cliwo\u015bci pracy dodatkowej, sta\u017cu lub sta\u0142ego zatrudnienia.\",\"breadcrumb\":{\"@id\":\"https:\/\/ahschootenplaza.nl\/pl\/praca-w\/#breadcrumb\"},\"inLanguage\":\"pl-PL\",\"potentialAction\":[{\"@type\":\"ReadAction\",\"target\":[\"https:\/\/ahschootenplaza.nl\/pl\/praca-w\/\"]}]},{\"@type\":\"ImageObject\",\"inLanguage\":\"pl-PL\",\"@id\":\"https:\/\/ahschootenplaza.nl\/pl\/praca-w\/#primaryimage\",\"url\":\"https:\/\/ahschootenplaza.nl\/wp-content\/uploads\/2025\/06\/ZRG_7212.jpg\",\"contentUrl\":\"https:\/\/ahschootenplaza.nl\/wp-content\/uploads\/2025\/06\/ZRG_7212.jpg\",\"width\":1920,\"height\":1280},{\"@type\":\"BreadcrumbList\",\"@id\":\"https:\/\/ahschootenplaza.nl\/pl\/praca-w\/#breadcrumb\",\"itemListElement\":[{\"@type\":\"ListItem\",\"position\":1,\"name\":\"AH SchootenPlaza\",\"item\":\"https:\/\/ahschootenplaza.nl\/pl\/\"},{\"@type\":\"ListItem\",\"position\":2,\"name\":\"Praca w\"}]},{\"@type\":\"WebSite\",\"@id\":\"https:\/\/ahschootenplaza.nl\/pl\/#website\",\"url\":\"https:\/\/ahschootenplaza.nl\/pl\/\",\"name\":\"Albert Heijn SchootenPlaza Den Helder\",\"description\":\"Zaufany z odrobin\u0105 wi\u0119cej.\",\"publisher\":{\"@id\":\"https:\/\/ahschootenplaza.nl\/pl\/#organization\"},\"alternateName\":\"AH SchootenPlaza\",\"potentialAction\":[{\"@type\":\"SearchAction\",\"target\":{\"@type\":\"EntryPoint\",\"urlTemplate\":\"https:\/\/ahschootenplaza.nl\/pl\/?s={search_term_string}\"},\"query-input\":{\"@type\":\"PropertyValueSpecification\",\"valueRequired\":true,\"valueName\":\"search_term_string\"}}],\"inLanguage\":\"pl-PL\"},{\"@type\":\"Organization\",\"@id\":\"https:\/\/ahschootenplaza.nl\/pl\/#organization\",\"name\":\"AH SchootenPlaza Den Helder\",\"alternateName\":\"AH SchootenPlaza\",\"url\":\"https:\/\/ahschootenplaza.nl\/pl\/\",\"logo\":{\"@type\":\"ImageObject\",\"inLanguage\":\"pl-PL\",\"@id\":\"https:\/\/ahschootenplaza.nl\/pl\/#\/schema\/logo\/image\/\",\"url\":\"https:\/\/ahschootenplaza.nl\/wp-content\/uploads\/2025\/06\/social-1x1-1.jpg\",\"contentUrl\":\"https:\/\/ahschootenplaza.nl\/wp-content\/uploads\/2025\/06\/social-1x1-1.jpg\",\"width\":696,\"height\":696,\"caption\":\"AH SchootenPlaza Den Helder\"},\"image\":{\"@id\":\"https:\/\/ahschootenplaza.nl\/pl\/#\/schema\/logo\/image\/\"},\"sameAs\":[\"https:\/\/www.facebook.com\/ahschootenplaza\/\"]}]}<\/script>\n<!-- \/ Yoast SEO plugin. -->","yoast_head_json":{"title":"Praca w &#183; AH SchootenPlaza Den Helder","description":"Do\u0142\u0105cz do naszego entuzjastycznego zespo\u0142u w AH SchootenPlaza. Sprawd\u017a mo\u017cliwo\u015bci pracy dodatkowej, sta\u017cu lub sta\u0142ego zatrudnienia.","robots":{"index":"index","follow":"follow","max-snippet":"max-snippet:-1","max-image-preview":"max-image-preview:large","max-video-preview":"max-video-preview:-1"},"canonical":"https:\/\/ahschootenplaza.nl\/pl\/praca-w\/","og_locale":"pl_PL","og_type":"article","og_title":"Praca w &#183; AH SchootenPlaza Den Helder","og_description":"Do\u0142\u0105cz do naszego entuzjastycznego zespo\u0142u w AH SchootenPlaza. Sprawd\u017a mo\u017cliwo\u015bci pracy dodatkowej, sta\u017cu lub sta\u0142ego zatrudnienia.","og_url":"https:\/\/ahschootenplaza.nl\/pl\/praca-w\/","og_site_name":"AH SchootenPlaza Den Helder","article_publisher":"https:\/\/www.facebook.com\/ahschootenplaza\/","article_modified_time":"2025-07-08T08:57:15+00:00","og_image":[{"width":1920,"height":1280,"url":"https:\/\/ahschootenplaza.nl\/wp-content\/uploads\/2025\/06\/ZRG_7212.jpg","type":"image\/jpeg"}],"twitter_card":"summary_large_image","twitter_misc":{"Szacowany czas czytania":"3 minuty"},"schema":{"@context":"https:\/\/schema.org","@graph":[{"@type":"WebPage","@id":"https:\/\/ahschootenplaza.nl\/pl\/praca-w\/","url":"https:\/\/ahschootenplaza.nl\/pl\/praca-w\/","name":"Praca w &#183; AH SchootenPlaza Den Helder","isPartOf":{"@id":"https:\/\/ahschootenplaza.nl\/pl\/#website"},"primaryImageOfPage":{"@id":"https:\/\/ahschootenplaza.nl\/pl\/praca-w\/#primaryimage"},"image":{"@id":"https:\/\/ahschootenplaza.nl\/pl\/praca-w\/#primaryimage"},"thumbnailUrl":"https:\/\/ahschootenplaza.nl\/wp-content\/uploads\/2025\/06\/ZRG_7212.jpg","datePublished":"2025-05-27T11:48:22+00:00","dateModified":"2025-07-08T08:57:15+00:00","description":"Do\u0142\u0105cz do naszego entuzjastycznego zespo\u0142u w AH SchootenPlaza. Sprawd\u017a mo\u017cliwo\u015bci pracy dodatkowej, sta\u017cu lub sta\u0142ego zatrudnienia.","breadcrumb":{"@id":"https:\/\/ahschootenplaza.nl\/pl\/praca-w\/#breadcrumb"},"inLanguage":"pl-PL","potentialAction":[{"@type":"ReadAction","target":["https:\/\/ahschootenplaza.nl\/pl\/praca-w\/"]}]},{"@type":"ImageObject","inLanguage":"pl-PL","@id":"https:\/\/ahschootenplaza.nl\/pl\/praca-w\/#primaryimage","url":"https:\/\/ahschootenplaza.nl\/wp-content\/uploads\/2025\/06\/ZRG_7212.jpg","contentUrl":"https:\/\/ahschootenplaza.nl\/wp-content\/uploads\/2025\/06\/ZRG_7212.jpg","width":1920,"height":1280},{"@type":"BreadcrumbList","@id":"https:\/\/ahschootenplaza.nl\/pl\/praca-w\/#breadcrumb","itemListElement":[{"@type":"ListItem","position":1,"name":"AH SchootenPlaza","item":"https:\/\/ahschootenplaza.nl\/pl\/"},{"@type":"ListItem","position":2,"name":"Praca w"}]},{"@type":"WebSite","@id":"https:\/\/ahschootenplaza.nl\/pl\/#website","url":"https:\/\/ahschootenplaza.nl\/pl\/","name":"Albert Heijn SchootenPlaza Den Helder","description":"Zaufany z odrobin\u0105 wi\u0119cej.","publisher":{"@id":"https:\/\/ahschootenplaza.nl\/pl\/#organization"},"alternateName":"AH SchootenPlaza","potentialAction":[{"@type":"SearchAction","target":{"@type":"EntryPoint","urlTemplate":"https:\/\/ahschootenplaza.nl\/pl\/?s={search_term_string}"},"query-input":{"@type":"PropertyValueSpecification","valueRequired":true,"valueName":"search_term_string"}}],"inLanguage":"pl-PL"},{"@type":"Organization","@id":"https:\/\/ahschootenplaza.nl\/pl\/#organization","name":"AH SchootenPlaza Den Helder","alternateName":"AH SchootenPlaza","url":"https:\/\/ahschootenplaza.nl\/pl\/","logo":{"@type":"ImageObject","inLanguage":"pl-PL","@id":"https:\/\/ahschootenplaza.nl\/pl\/#\/schema\/logo\/image\/","url":"https:\/\/ahschootenplaza.nl\/wp-content\/uploads\/2025\/06\/social-1x1-1.jpg","contentUrl":"https:\/\/ahschootenplaza.nl\/wp-content\/uploads\/2025\/06\/social-1x1-1.jpg","width":696,"height":696,"caption":"AH SchootenPlaza Den Helder"},"image":{"@id":"https:\/\/ahschootenplaza.nl\/pl\/#\/schema\/logo\/image\/"},"sameAs":["https:\/\/www.facebook.com\/ahschootenplaza\/"]}]}},"_links":{"self":[{"href":"https:\/\/ahschootenplaza.nl\/pl\/wp-json\/wp\/v2\/pages\/3090","targetHints":{"allow":["GET"]}}],"collection":[{"href":"https:\/\/ahschootenplaza.nl\/pl\/wp-json\/wp\/v2\/pages"}],"about":[{"href":"https:\/\/ahschootenplaza.nl\/pl\/wp-json\/wp\/v2\/types\/page"}],"author":[{"embeddable":true,"href":"https:\/\/ahschootenplaza.nl\/pl\/wp-json\/wp\/v2\/users\/2"}],"replies":[{"embeddable":true,"href":"https:\/\/ahschootenplaza.nl\/pl\/wp-json\/wp\/v2\/comments?post=3090"}],"version-history":[{"count":2,"href":"https:\/\/ahschootenplaza.nl\/pl\/wp-json\/wp\/v2\/pages\/3090\/revisions"}],"predecessor-version":[{"id":3312,"href":"https:\/\/ahschootenplaza.nl\/pl\/wp-json\/wp\/v2\/pages\/3090\/revisions\/3312"}],"wp:featuredmedia":[{"embeddable":true,"href":"https:\/\/ahschootenplaza.nl\/pl\/wp-json\/wp\/v2\/media\/2206"}],"wp:attachment":[{"href":"https:\/\/ahschootenplaza.nl\/pl\/wp-json\/wp\/v2\/media?parent=3090"}],"curies":[{"name":"wp","href":"https:\/\/api.w.org\/{rel}","templated":true}]}}