{"id":3103,"date":"2025-05-28T10:27:02","date_gmt":"2025-05-28T08:27:02","guid":{"rendered":"https:\/\/ahschootenplaza.nl\/contact-of-suggesties\/"},"modified":"2025-07-08T11:18:30","modified_gmt":"2025-07-08T09:18:30","slug":"kontakt-w-sprawie-sugestii","status":"publish","type":"page","link":"https:\/\/ahschootenplaza.nl\/pl\/kontakt-w-sprawie-sugestii\/","title":{"rendered":"Kontakt w sprawie sugestii"},"content":{"rendered":"","protected":false},"excerpt":{"rendered":"","protected":false},"author":2,"featured_media":0,"parent":0,"menu_order":16,"comment_status":"closed","ping_status":"closed","template":"","meta":{"_acf_changed":false,"footnotes":""},"class_list":["post-3103","page","type-page","status-publish","hentry"],"acf":[],"yoast_head":"<!-- This site is optimized with the Yoast SEO plugin v27.0 - https:\/\/yoast.com\/product\/yoast-seo-wordpress\/ -->\n<title>Kontakt w sprawie sugestii &#183; AH SchootenPlaza Den Helder<\/title>\n<meta name=\"description\" content=\"Masz pytanie, dobry pomys\u0142 lub chcesz aplikowa\u0107? Daj nam zna\u0107 za po\u015brednictwem tego formularza \u2014 upewnimy si\u0119, \u017ce Twoja wiadomo\u015b\u0107 trafi we w\u0142a\u015bciwe miejsce.\" \/>\n<meta name=\"robots\" content=\"index, follow, max-snippet:-1, max-image-preview:large, max-video-preview:-1\" \/>\n<link rel=\"canonical\" href=\"https:\/\/ahschootenplaza.nl\/pl\/kontakt-w-sprawie-sugestii\/\" \/>\n<meta property=\"og:locale\" content=\"pl_PL\" \/>\n<meta property=\"og:type\" content=\"article\" \/>\n<meta property=\"og:title\" content=\"Kontakt w sprawie sugestii &#183; AH SchootenPlaza Den Helder\" \/>\n<meta property=\"og:description\" content=\"Masz pytanie, dobry pomys\u0142 lub chcesz aplikowa\u0107? Daj nam zna\u0107 za po\u015brednictwem tego formularza \u2014 upewnimy si\u0119, \u017ce Twoja wiadomo\u015b\u0107 trafi we w\u0142a\u015bciwe miejsce.\" \/>\n<meta property=\"og:url\" content=\"https:\/\/ahschootenplaza.nl\/pl\/kontakt-w-sprawie-sugestii\/\" \/>\n<meta property=\"og:site_name\" content=\"AH SchootenPlaza Den Helder\" \/>\n<meta property=\"article:publisher\" content=\"https:\/\/www.facebook.com\/ahschootenplaza\/\" \/>\n<meta property=\"article:modified_time\" content=\"2025-07-08T09:18:30+00:00\" \/>\n<meta property=\"og:image\" content=\"https:\/\/ahschootenplaza.nl\/wp-content\/uploads\/2025\/06\/social-1x1-1.jpg\" \/>\n\t<meta property=\"og:image:width\" content=\"696\" \/>\n\t<meta property=\"og:image:height\" content=\"696\" \/>\n\t<meta property=\"og:image:type\" content=\"image\/jpeg\" \/>\n<meta name=\"twitter:card\" content=\"summary_large_image\" \/>\n<meta name=\"twitter:label1\" content=\"Szacowany czas czytania\" \/>\n\t<meta name=\"twitter:data1\" content=\"1 minuta\" \/>\n<script type=\"application\/ld+json\" class=\"yoast-schema-graph\">{\"@context\":\"https:\/\/schema.org\",\"@graph\":[{\"@type\":\"WebPage\",\"@id\":\"https:\/\/ahschootenplaza.nl\/pl\/kontakt-w-sprawie-sugestii\/\",\"url\":\"https:\/\/ahschootenplaza.nl\/pl\/kontakt-w-sprawie-sugestii\/\",\"name\":\"Kontakt w sprawie sugestii &#183; AH SchootenPlaza Den Helder\",\"isPartOf\":{\"@id\":\"https:\/\/ahschootenplaza.nl\/pl\/#website\"},\"datePublished\":\"2025-05-28T08:27:02+00:00\",\"dateModified\":\"2025-07-08T09:18:30+00:00\",\"description\":\"Masz pytanie, dobry pomys\u0142 lub chcesz aplikowa\u0107? Daj nam zna\u0107 za po\u015brednictwem tego formularza \u2014 upewnimy si\u0119, \u017ce Twoja wiadomo\u015b\u0107 trafi we w\u0142a\u015bciwe miejsce.\",\"breadcrumb\":{\"@id\":\"https:\/\/ahschootenplaza.nl\/pl\/kontakt-w-sprawie-sugestii\/#breadcrumb\"},\"inLanguage\":\"pl-PL\",\"potentialAction\":[{\"@type\":\"ReadAction\",\"target\":[\"https:\/\/ahschootenplaza.nl\/pl\/kontakt-w-sprawie-sugestii\/\"]}]},{\"@type\":\"BreadcrumbList\",\"@id\":\"https:\/\/ahschootenplaza.nl\/pl\/kontakt-w-sprawie-sugestii\/#breadcrumb\",\"itemListElement\":[{\"@type\":\"ListItem\",\"position\":1,\"name\":\"AH SchootenPlaza\",\"item\":\"https:\/\/ahschootenplaza.nl\/pl\/\"},{\"@type\":\"ListItem\",\"position\":2,\"name\":\"Kontakt w sprawie sugestii\"}]},{\"@type\":\"WebSite\",\"@id\":\"https:\/\/ahschootenplaza.nl\/pl\/#website\",\"url\":\"https:\/\/ahschootenplaza.nl\/pl\/\",\"name\":\"Albert Heijn SchootenPlaza Den Helder\",\"description\":\"Zaufany z odrobin\u0105 wi\u0119cej.\",\"publisher\":{\"@id\":\"https:\/\/ahschootenplaza.nl\/pl\/#organization\"},\"alternateName\":\"AH SchootenPlaza\",\"potentialAction\":[{\"@type\":\"SearchAction\",\"target\":{\"@type\":\"EntryPoint\",\"urlTemplate\":\"https:\/\/ahschootenplaza.nl\/pl\/?s={search_term_string}\"},\"query-input\":{\"@type\":\"PropertyValueSpecification\",\"valueRequired\":true,\"valueName\":\"search_term_string\"}}],\"inLanguage\":\"pl-PL\"},{\"@type\":\"Organization\",\"@id\":\"https:\/\/ahschootenplaza.nl\/pl\/#organization\",\"name\":\"AH SchootenPlaza Den Helder\",\"alternateName\":\"AH SchootenPlaza\",\"url\":\"https:\/\/ahschootenplaza.nl\/pl\/\",\"logo\":{\"@type\":\"ImageObject\",\"inLanguage\":\"pl-PL\",\"@id\":\"https:\/\/ahschootenplaza.nl\/pl\/#\/schema\/logo\/image\/\",\"url\":\"https:\/\/ahschootenplaza.nl\/wp-content\/uploads\/2025\/06\/social-1x1-1.jpg\",\"contentUrl\":\"https:\/\/ahschootenplaza.nl\/wp-content\/uploads\/2025\/06\/social-1x1-1.jpg\",\"width\":696,\"height\":696,\"caption\":\"AH SchootenPlaza Den Helder\"},\"image\":{\"@id\":\"https:\/\/ahschootenplaza.nl\/pl\/#\/schema\/logo\/image\/\"},\"sameAs\":[\"https:\/\/www.facebook.com\/ahschootenplaza\/\"]}]}<\/script>\n<!-- \/ Yoast SEO plugin. -->","yoast_head_json":{"title":"Kontakt w sprawie sugestii &#183; AH SchootenPlaza Den Helder","description":"Masz pytanie, dobry pomys\u0142 lub chcesz aplikowa\u0107? Daj nam zna\u0107 za po\u015brednictwem tego formularza \u2014 upewnimy si\u0119, \u017ce Twoja wiadomo\u015b\u0107 trafi we w\u0142a\u015bciwe miejsce.","robots":{"index":"index","follow":"follow","max-snippet":"max-snippet:-1","max-image-preview":"max-image-preview:large","max-video-preview":"max-video-preview:-1"},"canonical":"https:\/\/ahschootenplaza.nl\/pl\/kontakt-w-sprawie-sugestii\/","og_locale":"pl_PL","og_type":"article","og_title":"Kontakt w sprawie sugestii &#183; AH SchootenPlaza Den Helder","og_description":"Masz pytanie, dobry pomys\u0142 lub chcesz aplikowa\u0107? Daj nam zna\u0107 za po\u015brednictwem tego formularza \u2014 upewnimy si\u0119, \u017ce Twoja wiadomo\u015b\u0107 trafi we w\u0142a\u015bciwe miejsce.","og_url":"https:\/\/ahschootenplaza.nl\/pl\/kontakt-w-sprawie-sugestii\/","og_site_name":"AH SchootenPlaza Den Helder","article_publisher":"https:\/\/www.facebook.com\/ahschootenplaza\/","article_modified_time":"2025-07-08T09:18:30+00:00","og_image":[{"width":696,"height":696,"url":"https:\/\/ahschootenplaza.nl\/wp-content\/uploads\/2025\/06\/social-1x1-1.jpg","type":"image\/jpeg"}],"twitter_card":"summary_large_image","twitter_misc":{"Szacowany czas czytania":"1 minuta"},"schema":{"@context":"https:\/\/schema.org","@graph":[{"@type":"WebPage","@id":"https:\/\/ahschootenplaza.nl\/pl\/kontakt-w-sprawie-sugestii\/","url":"https:\/\/ahschootenplaza.nl\/pl\/kontakt-w-sprawie-sugestii\/","name":"Kontakt w sprawie sugestii &#183; AH SchootenPlaza Den Helder","isPartOf":{"@id":"https:\/\/ahschootenplaza.nl\/pl\/#website"},"datePublished":"2025-05-28T08:27:02+00:00","dateModified":"2025-07-08T09:18:30+00:00","description":"Masz pytanie, dobry pomys\u0142 lub chcesz aplikowa\u0107? Daj nam zna\u0107 za po\u015brednictwem tego formularza \u2014 upewnimy si\u0119, \u017ce Twoja wiadomo\u015b\u0107 trafi we w\u0142a\u015bciwe miejsce.","breadcrumb":{"@id":"https:\/\/ahschootenplaza.nl\/pl\/kontakt-w-sprawie-sugestii\/#breadcrumb"},"inLanguage":"pl-PL","potentialAction":[{"@type":"ReadAction","target":["https:\/\/ahschootenplaza.nl\/pl\/kontakt-w-sprawie-sugestii\/"]}]},{"@type":"BreadcrumbList","@id":"https:\/\/ahschootenplaza.nl\/pl\/kontakt-w-sprawie-sugestii\/#breadcrumb","itemListElement":[{"@type":"ListItem","position":1,"name":"AH SchootenPlaza","item":"https:\/\/ahschootenplaza.nl\/pl\/"},{"@type":"ListItem","position":2,"name":"Kontakt w sprawie sugestii"}]},{"@type":"WebSite","@id":"https:\/\/ahschootenplaza.nl\/pl\/#website","url":"https:\/\/ahschootenplaza.nl\/pl\/","name":"Albert Heijn SchootenPlaza Den Helder","description":"Zaufany z odrobin\u0105 wi\u0119cej.","publisher":{"@id":"https:\/\/ahschootenplaza.nl\/pl\/#organization"},"alternateName":"AH SchootenPlaza","potentialAction":[{"@type":"SearchAction","target":{"@type":"EntryPoint","urlTemplate":"https:\/\/ahschootenplaza.nl\/pl\/?s={search_term_string}"},"query-input":{"@type":"PropertyValueSpecification","valueRequired":true,"valueName":"search_term_string"}}],"inLanguage":"pl-PL"},{"@type":"Organization","@id":"https:\/\/ahschootenplaza.nl\/pl\/#organization","name":"AH SchootenPlaza Den Helder","alternateName":"AH SchootenPlaza","url":"https:\/\/ahschootenplaza.nl\/pl\/","logo":{"@type":"ImageObject","inLanguage":"pl-PL","@id":"https:\/\/ahschootenplaza.nl\/pl\/#\/schema\/logo\/image\/","url":"https:\/\/ahschootenplaza.nl\/wp-content\/uploads\/2025\/06\/social-1x1-1.jpg","contentUrl":"https:\/\/ahschootenplaza.nl\/wp-content\/uploads\/2025\/06\/social-1x1-1.jpg","width":696,"height":696,"caption":"AH SchootenPlaza Den Helder"},"image":{"@id":"https:\/\/ahschootenplaza.nl\/pl\/#\/schema\/logo\/image\/"},"sameAs":["https:\/\/www.facebook.com\/ahschootenplaza\/"]}]}},"_links":{"self":[{"href":"https:\/\/ahschootenplaza.nl\/pl\/wp-json\/wp\/v2\/pages\/3103","targetHints":{"allow":["GET"]}}],"collection":[{"href":"https:\/\/ahschootenplaza.nl\/pl\/wp-json\/wp\/v2\/pages"}],"about":[{"href":"https:\/\/ahschootenplaza.nl\/pl\/wp-json\/wp\/v2\/types\/page"}],"author":[{"embeddable":true,"href":"https:\/\/ahschootenplaza.nl\/pl\/wp-json\/wp\/v2\/users\/2"}],"replies":[{"embeddable":true,"href":"https:\/\/ahschootenplaza.nl\/pl\/wp-json\/wp\/v2\/comments?post=3103"}],"version-history":[{"count":2,"href":"https:\/\/ahschootenplaza.nl\/pl\/wp-json\/wp\/v2\/pages\/3103\/revisions"}],"predecessor-version":[{"id":3119,"href":"https:\/\/ahschootenplaza.nl\/pl\/wp-json\/wp\/v2\/pages\/3103\/revisions\/3119"}],"wp:attachment":[{"href":"https:\/\/ahschootenplaza.nl\/pl\/wp-json\/wp\/v2\/media?parent=3103"}],"curies":[{"name":"wp","href":"https:\/\/api.w.org\/{rel}","templated":true}]}}